{"id":141,"date":"2026-01-21T08:31:53","date_gmt":"2026-01-21T07:31:53","guid":{"rendered":"https:\/\/www.die-nothberger.de\/?page_id=141"},"modified":"2026-01-26T15:35:56","modified_gmt":"2026-01-26T14:35:56","slug":"downloads","status":"publish","type":"page","link":"https:\/\/www.die-nothberger.de\/index.php\/downloads\/","title":{"rendered":"Downloads"},"content":{"rendered":"<p>Hier stellen wir Ihnen wichtige Informationen f\u00fcr unseren Auftritt zur Verf\u00fcgung. Gerne k\u00f6nnen Sie auch unser Medienpaket herunterladen, um unsere Logos und Schriftz\u00fcge zu verwenden.<\/p>\n\n\n<h3 class=\"wp-block-heading\">QR Code f\u00fcr unseren Webauftritt<\/h3>\n\n\n\n<figure class=\"wp-block-image size-full\"><img loading=\"lazy\" decoding=\"async\" width=\"296\" height=\"296\" src=\"https:\/\/www.die-nothberger.de\/wp-content\/uploads\/2026\/01\/nft_qrcode.png\" alt=\"\" class=\"wp-image-179\" srcset=\"https:\/\/www.die-nothberger.de\/wp-content\/uploads\/2026\/01\/nft_qrcode.png 296w, https:\/\/www.die-nothberger.de\/wp-content\/uploads\/2026\/01\/nft_qrcode-150x150.png 150w\" sizes=\"auto, (max-width: 296px) 100vw, 296px\" \/><\/figure>\n\n\n\n<h2 class=\"wp-block-heading\">Technical Rider<\/h2>\n\n\n\n<p class=\"wp-block-paragraph\">In K\u00fcrze verf\u00fcgbar<\/p>\n\n\n\n<h2 class=\"wp-block-heading\">Download Medienpaket<\/h2>\n\n\n\n<p class=\"wp-block-paragraph\">In K\u00fcrze verf\u00fcgbar<\/p>\n\n\n\n<h2 class=\"wp-block-heading\">Download Logos<\/h2>\n\n\n\n<div class=\"wp-block-columns is-layout-flex wp-container-core-columns-is-layout-9d6595d7 wp-block-columns-is-layout-flex\">\n<div class=\"wp-block-column is-layout-flow wp-block-column-is-layout-flow\">\n<figure class=\"wp-block-image size-medium\"><a href=\"https:\/\/www.die-nothberger.de\/wp-content\/uploads\/2026\/01\/die-nothberger-logo-schwarz-rgb-2000px@144ppi.jpg\"><img loading=\"lazy\" decoding=\"async\" width=\"300\" height=\"276\" src=\"https:\/\/www.die-nothberger.de\/wp-content\/uploads\/2026\/01\/die-nothberger-logo-schwarz-rgb-2000px@144ppi-300x276.jpg\" alt=\"\" class=\"wp-image-231\" srcset=\"https:\/\/www.die-nothberger.de\/wp-content\/uploads\/2026\/01\/die-nothberger-logo-schwarz-rgb-2000px@144ppi-300x276.jpg 300w, https:\/\/www.die-nothberger.de\/wp-content\/uploads\/2026\/01\/die-nothberger-logo-schwarz-rgb-2000px@144ppi-1024x943.jpg 1024w, https:\/\/www.die-nothberger.de\/wp-content\/uploads\/2026\/01\/die-nothberger-logo-schwarz-rgb-2000px@144ppi-768x707.jpg 768w, https:\/\/www.die-nothberger.de\/wp-content\/uploads\/2026\/01\/die-nothberger-logo-schwarz-rgb-2000px@144ppi-1536x1414.jpg 1536w, https:\/\/www.die-nothberger.de\/wp-content\/uploads\/2026\/01\/die-nothberger-logo-schwarz-rgb-2000px@144ppi.jpg 2000w\" sizes=\"auto, (max-width: 300px) 100vw, 300px\" \/><\/a><\/figure>\n<\/div>\n\n\n\n<div class=\"wp-block-column is-layout-flow wp-block-column-is-layout-flow\">\n<figure class=\"wp-block-image size-medium\"><a href=\"https:\/\/www.die-nothberger.de\/wp-content\/uploads\/2026\/01\/die-nothberger-logo-farbig-rgb-2000px@144ppi.jpg\"><img loading=\"lazy\" decoding=\"async\" width=\"300\" height=\"274\" src=\"https:\/\/www.die-nothberger.de\/wp-content\/uploads\/2026\/01\/die-nothberger-logo-farbig-rgb-2000px@144ppi-300x274.jpg\" alt=\"\" class=\"wp-image-233\" srcset=\"https:\/\/www.die-nothberger.de\/wp-content\/uploads\/2026\/01\/die-nothberger-logo-farbig-rgb-2000px@144ppi-300x274.jpg 300w, https:\/\/www.die-nothberger.de\/wp-content\/uploads\/2026\/01\/die-nothberger-logo-farbig-rgb-2000px@144ppi-1024x935.jpg 1024w, https:\/\/www.die-nothberger.de\/wp-content\/uploads\/2026\/01\/die-nothberger-logo-farbig-rgb-2000px@144ppi-768x701.jpg 768w, https:\/\/www.die-nothberger.de\/wp-content\/uploads\/2026\/01\/die-nothberger-logo-farbig-rgb-2000px@144ppi-1536x1402.jpg 1536w, https:\/\/www.die-nothberger.de\/wp-content\/uploads\/2026\/01\/die-nothberger-logo-farbig-rgb-2000px@144ppi.jpg 2000w\" sizes=\"auto, (max-width: 300px) 100vw, 300px\" \/><\/a><\/figure>\n<\/div>\n<\/div>\n","protected":false},"excerpt":{"rendered":"<p>Hier stellen wir Ihnen wichtige Informationen f\u00fcr unseren Auftritt zur Verf\u00fcgung. Gerne k\u00f6nnen Sie auch unser Medienpaket herunterladen, um unsere Logos und Schriftz\u00fcge zu verwenden. QR Code f\u00fcr unseren Webauftritt Technical Rider In K\u00fcrze verf\u00fcgbar Download Medienpaket In K\u00fcrze verf\u00fcgbar Download Logos<\/p>\n","protected":false},"author":1,"featured_media":0,"parent":0,"menu_order":2,"comment_status":"closed","ping_status":"closed","template":"","meta":{"_crdt_document":"","footnotes":""},"class_list":["post-141","page","type-page","status-publish","hentry"],"_links":{"self":[{"href":"https:\/\/www.die-nothberger.de\/index.php\/wp-json\/wp\/v2\/pages\/141","targetHints":{"allow":["GET"]}}],"collection":[{"href":"https:\/\/www.die-nothberger.de\/index.php\/wp-json\/wp\/v2\/pages"}],"about":[{"href":"https:\/\/www.die-nothberger.de\/index.php\/wp-json\/wp\/v2\/types\/page"}],"author":[{"embeddable":true,"href":"https:\/\/www.die-nothberger.de\/index.php\/wp-json\/wp\/v2\/users\/1"}],"replies":[{"embeddable":true,"href":"https:\/\/www.die-nothberger.de\/index.php\/wp-json\/wp\/v2\/comments?post=141"}],"version-history":[{"count":8,"href":"https:\/\/www.die-nothberger.de\/index.php\/wp-json\/wp\/v2\/pages\/141\/revisions"}],"predecessor-version":[{"id":236,"href":"https:\/\/www.die-nothberger.de\/index.php\/wp-json\/wp\/v2\/pages\/141\/revisions\/236"}],"wp:attachment":[{"href":"https:\/\/www.die-nothberger.de\/index.php\/wp-json\/wp\/v2\/media?parent=141"}],"curies":[{"name":"wp","href":"https:\/\/api.w.org\/{rel}","templated":true}]}}